{"id":147,"date":"2025-06-20T20:19:31","date_gmt":"2025-06-20T18:19:31","guid":{"rendered":"http:\/\/koparka.you2.pl\/?page_id=147"},"modified":"2025-06-23T11:38:30","modified_gmt":"2025-06-23T09:38:30","slug":"proces-odkupu-koparki-od-klienta","status":"publish","type":"page","link":"https:\/\/skupujemymaszyny.pl\/index.php\/proces-odkupu-koparki-od-klienta\/","title":{"rendered":"Proces odkupu koparki od klienta"},"content":{"rendered":"\t\t<div data-elementor-type=\"wp-page\" data-elementor-id=\"147\" class=\"elementor elementor-147\" data-elementor-post-type=\"page\">\n\t\t\t\t<div class=\"elementor-element elementor-element-33bf8ec3 e-flex e-con-boxed e-con e-parent\" data-id=\"33bf8ec3\" data-element_type=\"container\" data-settings=\"{&quot;background_background&quot;:&quot;classic&quot;}\">\n\t\t\t\t\t<div class=\"e-con-inner\">\n\t\t<div class=\"elementor-element elementor-element-b5156b9 e-flex e-con-boxed e-con e-child\" data-id=\"b5156b9\" data-element_type=\"container\" data-settings=\"{&quot;background_background&quot;:&quot;classic&quot;}\">\n\t\t\t\t\t<div class=\"e-con-inner\">\n\t\t\t\t<div class=\"elementor-element elementor-element-15d46b18 elementor-widget elementor-widget-heading\" data-id=\"15d46b18\" data-element_type=\"widget\" data-widget_type=\"heading.default\">\n\t\t\t\t<div class=\"elementor-widget-container\">\n\t\t\t\t\t<h1 class=\"elementor-heading-title elementor-size-default\">Proces odkupu koparki od klienta<\/h1>\t\t\t\t<\/div>\n\t\t\t\t<\/div>\n\t\t\t\t\t<\/div>\n\t\t\t\t<\/div>\n\t\t\t\t\t<\/div>\n\t\t\t\t<\/div>\n\t\t<div class=\"elementor-element elementor-element-4dc181ff e-flex e-con-boxed e-con e-parent\" data-id=\"4dc181ff\" data-element_type=\"container\">\n\t\t\t\t\t<div class=\"e-con-inner\">\n\t\t<div class=\"elementor-element elementor-element-38575803 e-flex e-con-boxed e-con e-child\" data-id=\"38575803\" data-element_type=\"container\">\n\t\t\t\t\t<div class=\"e-con-inner\">\n\t\t\t\t<div class=\"elementor-element elementor-element-5972bdd0 elementor-widget elementor-widget-heading\" data-id=\"5972bdd0\" data-element_type=\"widget\" data-widget_type=\"heading.default\">\n\t\t\t\t<div class=\"elementor-widget-container\">\n\t\t\t\t\t<h2 class=\"elementor-heading-title elementor-size-default\">Jak przebiega proces skupu maszyn budowlanych?<\/h2>\t\t\t\t<\/div>\n\t\t\t\t<\/div>\n\t\t\t\t<div class=\"elementor-element elementor-element-b639b9c elementor-widget elementor-widget-text-editor\" data-id=\"b639b9c\" data-element_type=\"widget\" data-widget_type=\"text-editor.default\">\n\t\t\t\t<div class=\"elementor-widget-container\">\n\t\t\t\t\t\t\t\t\t<p>\u00a0<\/p><p>1\ufe0f\u20e3 Wycena \u2013 szybka i bezp\u0142atna<\/p><p>Zaczynamy od kr\u00f3tkiego kontaktu telefonicznego, SMS lub mailowego. Wystarczy, \u017ce przeka\u017cesz nam podstawowe informacje o maszynie:<\/p><ul><li>Typ i model<\/li><li>Rok produkcji<\/li><li>Stan techniczny (np. sprawna, uszkodzona, niekompletna<\/li><li>Lokalizacja maszyn<\/li><li>Zdj\u0119cia (je\u015bli masz mo\u017cliwo\u015b\u0107 wys\u0142a\u0107)<\/li><\/ul><p>Na tej podstawie szybko dokonujemy wst\u0119pnej wyceny, kt\u00f3r\u0105 potwierdzimy po ogl\u0119dzinach lub odbiorze.<\/p><p>2\ufe0f\u20e3 P\u0142atno\u015b\u0107 \u2013 got\u00f3wka lub przelew od r\u0119ki<\/p><p>Je\u015bli akceptujesz nasz\u0105 wycen\u0119, od razu przechodzimy do finalizacji:<\/p><ul><li>P\u0142acimy natychmiast \u2013 got\u00f3wk\u0105 przy odbiorze lub przelewem bankowy<\/li><li>Wystawiamy faktur\u0119 lub rachunek \u2013 zgodnie z Twoimi potrzebami<\/li><li>Minimum formalno\u015bci \u2013 wszystko jasno, szybko i profesjonalnie<\/li><\/ul><p>3\ufe0f\u20e3 Odbi\u00f3r \u2013 bezp\u0142atny transport i za\u0142adunek<\/p><p>Nie musisz organizowa\u0107 transportu ani martwi\u0107 si\u0119 o logistyk\u0119. To my:<\/p><ul><li>Przyje\u017cd\u017camy w uzgodnionym terminie<\/li><li>Zabieramy maszyn\u0119 w\u0142asnym transportem<\/li><li>Organizujemy za\u0142adunek i odbi\u00f3r ca\u0142kowicie na nasz koszt<\/li><\/ul><p>Niezale\u017cnie od tego, czy maszyna jest sprawna, uszkodzona, czy nie na chodzie \u2013 wszystko ogarniamy kompleksowo.<\/p>\t\t\t\t\t\t\t\t<\/div>\n\t\t\t\t<\/div>\n\t\t\t\t<div class=\"elementor-element elementor-element-3c94c93 elementor-button-warning elementor-align-center elementor-widget elementor-widget-button\" data-id=\"3c94c93\" data-element_type=\"widget\" data-widget_type=\"button.default\">\n\t\t\t\t<div class=\"elementor-widget-container\">\n\t\t\t\t\t\t\t\t\t<div class=\"elementor-button-wrapper\">\n\t\t\t\t\t<a class=\"elementor-button elementor-button-link elementor-size-sm\" href=\"tel:+48501979957\">\n\t\t\t\t\t\t<span class=\"elementor-button-content-wrapper\">\n\t\t\t\t\t\t\t\t\t<span class=\"elementor-button-text\"> ZADZWO\u0143 TERAZ - 501 979 957<\/span>\n\t\t\t\t\t<\/span>\n\t\t\t\t\t<\/a>\n\t\t\t\t<\/div>\n\t\t\t\t\t\t\t\t<\/div>\n\t\t\t\t<\/div>\n\t\t\t\t<div class=\"elementor-element elementor-element-8d39ce6 elementor-widget elementor-widget-text-editor\" data-id=\"8d39ce6\" data-element_type=\"widget\" data-widget_type=\"text-editor.default\">\n\t\t\t\t<div class=\"elementor-widget-container\">\n\t\t\t\t\t\t\t\t\t<p>orem ipsum dolor sit amet, consectetur adipiscing elit. Ut elit tellus, luctus nec ullamcorper mattis, pulvinar dapibus leo.<\/p>\t\t\t\t\t\t\t\t<\/div>\n\t\t\t\t<\/div>\n\t\t\t\t\t<\/div>\n\t\t\t\t<\/div>\n\t\t\t\t\t<\/div>\n\t\t\t\t<\/div>\n\t\t\t\t<\/div>\n\t\t","protected":false},"excerpt":{"rendered":"<p>Jak przebiega proces skupu maszyn budowlanych? \u00a0 1\ufe0f\u20e3 Wycena \u2013 szybka i bezp\u0142atna Zaczynamy od kr\u00f3tkiego kontaktu telefonicznego, SMS lub [&hellip;]<\/p>\n","protected":false},"author":1,"featured_media":0,"parent":0,"menu_order":0,"comment_status":"closed","ping_status":"closed","template":"","meta":{"site-sidebar-layout":"no-sidebar","site-content-layout":"","ast-site-content-layout":"full-width-container","site-content-style":"default","site-sidebar-style":"default","ast-global-header-display":"","ast-banner-title-visibility":"","ast-main-header-display":"","ast-hfb-above-header-display":"","ast-hfb-below-header-display":"","ast-hfb-mobile-header-display":"","site-post-title":"disabled","ast-breadcrumbs-content":"","ast-featured-img":"disabled","footer-sml-layout":"","theme-transparent-header-meta":"","adv-header-id-meta":"","stick-header-meta":"","header-above-stick-meta":"","header-main-stick-meta":"","header-below-stick-meta":"","astra-migrate-meta-layouts":"default","ast-page-background-enabled":"default","ast-page-background-meta":{"desktop":{"background-color":"var(--ast-global-color-5)","background-image":"","background-repeat":"repeat","background-position":"center center","background-size":"auto","background-attachment":"scroll","background-type":"","background-media":"","overlay-type":"","overlay-color":"","overlay-opacity":"","overlay-gradient":""},"tablet":{"background-color":"","background-image":"","background-repeat":"repeat","background-position":"center center","background-size":"auto","background-attachment":"scroll","background-type":"","background-media":"","overlay-type":"","overlay-color":"","overlay-opacity":"","overlay-gradient":""},"mobile":{"background-color":"","background-image":"","background-repeat":"repeat","background-position":"center center","background-size":"auto","background-attachment":"scroll","background-type":"","background-media":"","overlay-type":"","overlay-color":"","overlay-opacity":"","overlay-gradient":""}},"ast-content-background-meta":{"desktop":{"background-color":"var(--ast-global-color-4)","background-image":"","background-repeat":"repeat","background-position":"center center","background-size":"auto","background-attachment":"scroll","background-type":"","background-media":"","overlay-type":"","overlay-color":"","overlay-opacity":"","overlay-gradient":""},"tablet":{"background-color":"var(--ast-global-color-4)","background-image":"","background-repeat":"repeat","background-position":"center center","background-size":"auto","background-attachment":"scroll","background-type":"","background-media":"","overlay-type":"","overlay-color":"","overlay-opacity":"","overlay-gradient":""},"mobile":{"background-color":"var(--ast-global-color-4)","background-image":"","background-repeat":"repeat","background-position":"center center","background-size":"auto","background-attachment":"scroll","background-type":"","background-media":"","overlay-type":"","overlay-color":"","overlay-opacity":"","overlay-gradient":""}},"footnotes":""},"class_list":["post-147","page","type-page","status-publish","hentry"],"_links":{"self":[{"href":"https:\/\/skupujemymaszyny.pl\/index.php\/wp-json\/wp\/v2\/pages\/147","targetHints":{"allow":["GET"]}}],"collection":[{"href":"https:\/\/skupujemymaszyny.pl\/index.php\/wp-json\/wp\/v2\/pages"}],"about":[{"href":"https:\/\/skupujemymaszyny.pl\/index.php\/wp-json\/wp\/v2\/types\/page"}],"author":[{"embeddable":true,"href":"https:\/\/skupujemymaszyny.pl\/index.php\/wp-json\/wp\/v2\/users\/1"}],"replies":[{"embeddable":true,"href":"https:\/\/skupujemymaszyny.pl\/index.php\/wp-json\/wp\/v2\/comments?post=147"}],"version-history":[{"count":22,"href":"https:\/\/skupujemymaszyny.pl\/index.php\/wp-json\/wp\/v2\/pages\/147\/revisions"}],"predecessor-version":[{"id":274,"href":"https:\/\/skupujemymaszyny.pl\/index.php\/wp-json\/wp\/v2\/pages\/147\/revisions\/274"}],"wp:attachment":[{"href":"https:\/\/skupujemymaszyny.pl\/index.php\/wp-json\/wp\/v2\/media?parent=147"}],"curies":[{"name":"wp","href":"https:\/\/api.w.org\/{rel}","templated":true}]}}